{"id":14,"date":"2016-01-20T00:15:27","date_gmt":"2016-01-19T22:15:27","guid":{"rendered":"http:\/\/cbomnt.sk?page_id=14"},"modified":"2021-07-14T11:52:33","modified_gmt":"2021-07-14T09:52:33","slug":"certifikaty","status":"publish","type":"page","link":"https:\/\/cbmont.advertplus.sk\/en\/certifikaty\/","title":{"rendered":"Certificates"},"content":{"rendered":"<p>\n\t\t<style type=\"text\/css\">\n\t\t\t#gallery-4 {\n\t\t\t\tmargin: auto;\n\t\t\t}\n\t\t\t#gallery-4 .gallery-item {\n\t\t\t\tfloat: left;\n\t\t\t\tmargin-top: 10px;\n\t\t\t\ttext-align: center;\n\t\t\t\twidth: 50%;\n\t\t\t}\n\t\t\t#gallery-4 img {\n\t\t\t\tborder: 2px solid #cfcfcf;\n\t\t\t}\n\t\t\t#gallery-4 .gallery-caption {\n\t\t\t\tmargin-left: 0;\n\t\t\t}\n\t\t\t\/* see gallery_shortcode() in wp-includes\/media.php *\/\n\t\t<\/style>\n\t\t<div id='gallery-4' class='gallery galleryid-14 gallery-columns-2 gallery-size-medium'><dl class='gallery-item'>\n\t\t\t<dt class='gallery-icon portrait'>\n\t\t\t\t<a title=\"cbmont norma\" href=\"https:\/\/cbmont.advertplus.sk\/wp-content\/uploads\/2016\/01\/NORMA.compressed.pdf\" class=\"no-lightbox\"><img loading=\"lazy\" decoding=\"async\" width=\"218\" height=\"300\" src=\"https:\/\/cbmont.advertplus.sk\/wp-content\/uploads\/2016\/01\/cbmont-norma-218x300.png\" class=\"attachment-medium size-medium\" alt=\"\" aria-describedby=\"gallery-4-747\" srcset=\"https:\/\/cbmont.advertplus.sk\/wp-content\/uploads\/2016\/01\/cbmont-norma-218x300.png 218w, https:\/\/cbmont.advertplus.sk\/wp-content\/uploads\/2016\/01\/cbmont-norma.png 651w\" sizes=\"(max-width: 218px) 100vw, 218px\" \/><\/a>\n\t\t\t<\/dt>\n\t\t\t\t<dd class='wp-caption-text gallery-caption' id='gallery-4-747'>\n\t\t\t\tCertifik\u00e1t zhody syst\u00e9mu riadenia v\u00fdroby\n\t\t\t\t<\/dd><\/dl><dl class='gallery-item'>\n\t\t\t<dt class='gallery-icon portrait'>\n\t\t\t\t<a title=\"cbmont norma b\" href=\"https:\/\/cbmont.advertplus.sk\/wp-content\/uploads\/2016\/01\/NORMA-B.compressed.pdf\" class=\"no-lightbox\"><img loading=\"lazy\" decoding=\"async\" width=\"217\" height=\"300\" src=\"https:\/\/cbmont.advertplus.sk\/wp-content\/uploads\/2016\/01\/cbmont-norma-b-217x300.png\" class=\"attachment-medium size-medium\" alt=\"\" aria-describedby=\"gallery-4-748\" srcset=\"https:\/\/cbmont.advertplus.sk\/wp-content\/uploads\/2016\/01\/cbmont-norma-b-217x300.png 217w, https:\/\/cbmont.advertplus.sk\/wp-content\/uploads\/2016\/01\/cbmont-norma-b.png 648w\" sizes=\"(max-width: 217px) 100vw, 217px\" \/><\/a>\n\t\t\t<\/dt>\n\t\t\t\t<dd class='wp-caption-text gallery-caption' id='gallery-4-748'>\n\t\t\t\tPr\u00edloha k certifik\u00e1tu ev.\u010d. 1017 &#8211; CPR &#8211; 08 405.250\n\t\t\t\t<\/dd><\/dl><br style=\"clear: both\" \/><dl class='gallery-item'>\n\t\t\t<dt class='gallery-icon portrait'>\n\t\t\t\t<a title=\"cbmont iso\" href=\"https:\/\/cbmont.advertplus.sk\/wp-content\/uploads\/2016\/01\/Pr\u00edloha-k-certifik\u00e1tu-ev.\u010d.-1017-CPR-08-405.250.pdf\" class=\"no-lightbox\"><img loading=\"lazy\" decoding=\"async\" width=\"212\" height=\"300\" src=\"https:\/\/cbmont.advertplus.sk\/wp-content\/uploads\/2016\/01\/cbmont-iso-212x300.png\" class=\"attachment-medium size-medium\" alt=\"\" aria-describedby=\"gallery-4-749\" srcset=\"https:\/\/cbmont.advertplus.sk\/wp-content\/uploads\/2016\/01\/cbmont-iso-212x300.png 212w, https:\/\/cbmont.advertplus.sk\/wp-content\/uploads\/2016\/01\/cbmont-iso.png 620w\" sizes=\"(max-width: 212px) 100vw, 212px\" \/><\/a>\n\t\t\t<\/dt>\n\t\t\t\t<dd class='wp-caption-text gallery-caption' id='gallery-4-749'>\n\t\t\t\tCertifikation EN ISO 9001:2008\/STN, EN ISO 9001:2009\n\t\t\t\t<\/dd><\/dl><dl class='gallery-item'>\n\t\t\t<dt class='gallery-icon portrait'>\n\t\t\t\t<a title=\"cbmont iso 2\" href=\"https:\/\/cbmont.advertplus.sk\/wp-content\/uploads\/2016\/01\/Cbmont-Certifikat-ISO-Quecon-Sk-2013-KV.pdf\" class=\"no-lightbox\"><img loading=\"lazy\" decoding=\"async\" width=\"212\" height=\"300\" src=\"https:\/\/cbmont.advertplus.sk\/wp-content\/uploads\/2016\/01\/cbmont-iso-2-212x300.png\" class=\"attachment-medium size-medium\" alt=\"\" aria-describedby=\"gallery-4-750\" srcset=\"https:\/\/cbmont.advertplus.sk\/wp-content\/uploads\/2016\/01\/cbmont-iso-2-212x300.png 212w, https:\/\/cbmont.advertplus.sk\/wp-content\/uploads\/2016\/01\/cbmont-iso-2.png 620w\" sizes=\"(max-width: 212px) 100vw, 212px\" \/><\/a>\n\t\t\t<\/dt>\n\t\t\t\t<dd class='wp-caption-text gallery-caption' id='gallery-4-750'>\n\t\t\t\tCertifik\u00e1t EN ISO 9001:2008\/STN, EN ISO 9001:2009\n\t\t\t\t<\/dd><\/dl><br style=\"clear: both\" \/>\n\t\t<\/div>\n<br \/>\n\n<div class=\"wpcf7 no-js\" id=\"wpcf7-f161-o2\" lang=\"sk-SK\" dir=\"ltr\">\n<div class=\"screen-reader-response\"><p role=\"status\" aria-live=\"polite\" aria-atomic=\"true\"><\/p> <ul><\/ul><\/div>\n<form action=\"\/en\/wp-json\/wp\/v2\/pages\/14#wpcf7-f161-o2\" method=\"post\" class=\"wpcf7-form init\" aria-label=\"Kontaktn\u00fd formul\u00e1r\" novalidate=\"novalidate\" data-status=\"init\">\n<div style=\"display: none;\">\n<input type=\"hidden\" name=\"_wpcf7\" value=\"161\" \/>\n<input type=\"hidden\" name=\"_wpcf7_version\" value=\"5.9.3\" \/>\n<input type=\"hidden\" name=\"_wpcf7_locale\" value=\"sk_SK\" \/>\n<input type=\"hidden\" name=\"_wpcf7_unit_tag\" value=\"wpcf7-f161-o2\" \/>\n<input type=\"hidden\" name=\"_wpcf7_container_post\" value=\"0\" \/>\n<input type=\"hidden\" name=\"_wpcf7_posted_data_hash\" value=\"\" \/>\n<\/div>\n<p>Meno (povinn\u00e9)\n<\/p>\n<p><span class=\"wpcf7-form-control-wrap\" data-name=\"your-name\"><input size=\"40\" class=\"wpcf7-form-control wpcf7-text wpcf7-validates-as-required\" aria-required=\"true\" aria-invalid=\"false\" value=\"\" type=\"text\" name=\"your-name\" \/><\/span>\n<\/p>\n<p>Firma\n<\/p>\n<p><span class=\"wpcf7-form-control-wrap\" data-name=\"text-246\"><input size=\"40\" class=\"wpcf7-form-control wpcf7-text\" aria-invalid=\"false\" value=\"\" type=\"text\" name=\"text-246\" \/><\/span>\n<\/p>\n<p>Email (povinn\u00e9)\n<\/p>\n<p><span class=\"wpcf7-form-control-wrap\" data-name=\"your-email\"><input size=\"40\" class=\"wpcf7-form-control wpcf7-email wpcf7-validates-as-required wpcf7-text wpcf7-validates-as-email\" aria-required=\"true\" aria-invalid=\"false\" value=\"\" type=\"email\" name=\"your-email\" \/><\/span>\n<\/p>\n<p>Telef\u00f3n\n<\/p>\n<p><span class=\"wpcf7-form-control-wrap\" data-name=\"tel-511\"><input size=\"40\" class=\"wpcf7-form-control wpcf7-tel wpcf7-text wpcf7-validates-as-tel\" aria-invalid=\"false\" value=\"\" type=\"tel\" name=\"tel-511\" \/><\/span>\n<\/p>\n<p>Pozn\u00e1mka\n<\/p>\n<p><span class=\"wpcf7-form-control-wrap\" data-name=\"your-message\"><textarea cols=\"40\" rows=\"10\" class=\"wpcf7-form-control wpcf7-textarea\" aria-invalid=\"false\" name=\"your-message\"><\/textarea><\/span>\n<\/p>\n<p><input class=\"wpcf7-form-control wpcf7-submit has-spinner\" type=\"submit\" value=\"Odo\u0161li\" \/>\n<\/p><div class=\"wpcf7-response-output\" aria-hidden=\"true\"><\/div>\n<\/form>\n<\/div>\n<\/p>","protected":false},"excerpt":{"rendered":"Certifik\u00e1t zhody syst\u00e9mu riadenia v\u00fdroby Pr\u00edloha k certifik\u00e1tu ev.\u010d. 1017 &#8211; CPR &#8211; 08 405.250 Certifikation EN ISO 9001:2008\/STN, EN ISO 9001:2009 Certifik\u00e1t EN ISO 9001:2008\/STN, EN ISO 9001:2009 Meno (povinn\u00e9) Firma Email (povinn\u00e9) Telef\u00f3n Pozn\u00e1mka","protected":false},"author":3,"featured_media":0,"parent":0,"menu_order":0,"comment_status":"closed","ping_status":"closed","template":"","meta":{"_acf_changed":false,"footnotes":""},"acf":[],"yoast_head":"<!-- This site is optimized with the Yoast SEO plugin v22.5 - https:\/\/yoast.com\/wordpress\/plugins\/seo\/ -->\n<title>Cbmont s.r.o.Certifik\u00e1ty<\/title>\n<meta name=\"description\" content=\"certifikaty\" \/>\n<meta name=\"robots\" content=\"index, follow, max-snippet:-1, max-image-preview:large, max-video-preview:-1\" \/>\n<link rel=\"canonical\" href=\"https:\/\/cbmont.advertplus.sk\/certifikaty\/\" \/>\n<meta property=\"og:locale\" content=\"en_US\" \/>\n<meta property=\"og:type\" content=\"article\" \/>\n<meta property=\"og:title\" content=\"Cbmont s.r.o.Certifik\u00e1ty\" \/>\n<meta property=\"og:description\" content=\"certifikaty\" \/>\n<meta property=\"og:url\" content=\"https:\/\/cbmont.advertplus.sk\/certifikaty\/\" \/>\n<meta property=\"og:site_name\" content=\"Cb - mont, s.r.o.\" \/>\n<meta property=\"article:modified_time\" content=\"2021-07-14T09:52:33+00:00\" \/>\n<meta property=\"og:image\" content=\"https:\/\/cbmont.advertplus.sk\/wp-content\/uploads\/2016\/01\/Certifikat-EMS-00121_Cbmont_sk_sken.pdf-212x300.jpg\" \/>\n<meta name=\"twitter:card\" content=\"summary_large_image\" \/>\n<script type=\"application\/ld+json\" class=\"yoast-schema-graph\">{\"@context\":\"https:\/\/schema.org\",\"@graph\":[{\"@type\":\"WebPage\",\"@id\":\"https:\/\/cbmont.advertplus.sk\/certifikaty\/\",\"url\":\"https:\/\/cbmont.advertplus.sk\/certifikaty\/\",\"name\":\"Cbmont s.r.o.Certifik\u00e1ty\",\"isPartOf\":{\"@id\":\"https:\/\/cbmont.advertplus.sk\/#website\"},\"datePublished\":\"2016-01-19T22:15:27+00:00\",\"dateModified\":\"2021-07-14T09:52:33+00:00\",\"description\":\"certifikaty\",\"breadcrumb\":{\"@id\":\"https:\/\/cbmont.advertplus.sk\/certifikaty\/#breadcrumb\"},\"inLanguage\":\"en-US\",\"potentialAction\":[{\"@type\":\"ReadAction\",\"target\":[\"https:\/\/cbmont.advertplus.sk\/certifikaty\/\"]}]},{\"@type\":\"BreadcrumbList\",\"@id\":\"https:\/\/cbmont.advertplus.sk\/certifikaty\/#breadcrumb\",\"itemListElement\":[{\"@type\":\"ListItem\",\"position\":1,\"name\":\"Domovsk\u00e1 str\u00e1nka\",\"item\":\"https:\/\/cbmont.advertplus.sk\/\"},{\"@type\":\"ListItem\",\"position\":2,\"name\":\"Certifik\u00e1ty\"}]},{\"@type\":\"WebSite\",\"@id\":\"https:\/\/cbmont.advertplus.sk\/#website\",\"url\":\"https:\/\/cbmont.advertplus.sk\/\",\"name\":\"Cb - mont, s.r.o.\",\"description\":\"\",\"potentialAction\":[{\"@type\":\"SearchAction\",\"target\":{\"@type\":\"EntryPoint\",\"urlTemplate\":\"https:\/\/cbmont.advertplus.sk\/?s={search_term_string}\"},\"query-input\":\"required name=search_term_string\"}],\"inLanguage\":\"en-US\"}]}<\/script>\n<!-- \/ Yoast SEO plugin. -->","yoast_head_json":{"title":"Cbmont s.r.o.Certifik\u00e1ty","description":"certifikaty","robots":{"index":"index","follow":"follow","max-snippet":"max-snippet:-1","max-image-preview":"max-image-preview:large","max-video-preview":"max-video-preview:-1"},"canonical":"https:\/\/cbmont.advertplus.sk\/certifikaty\/","og_locale":"en_US","og_type":"article","og_title":"Cbmont s.r.o.Certifik\u00e1ty","og_description":"certifikaty","og_url":"https:\/\/cbmont.advertplus.sk\/certifikaty\/","og_site_name":"Cb - mont, s.r.o.","article_modified_time":"2021-07-14T09:52:33+00:00","og_image":[{"url":"https:\/\/cbmont.advertplus.sk\/wp-content\/uploads\/2016\/01\/Certifikat-EMS-00121_Cbmont_sk_sken.pdf-212x300.jpg"}],"twitter_card":"summary_large_image","schema":{"@context":"https:\/\/schema.org","@graph":[{"@type":"WebPage","@id":"https:\/\/cbmont.advertplus.sk\/certifikaty\/","url":"https:\/\/cbmont.advertplus.sk\/certifikaty\/","name":"Cbmont s.r.o.Certifik\u00e1ty","isPartOf":{"@id":"https:\/\/cbmont.advertplus.sk\/#website"},"datePublished":"2016-01-19T22:15:27+00:00","dateModified":"2021-07-14T09:52:33+00:00","description":"certifikaty","breadcrumb":{"@id":"https:\/\/cbmont.advertplus.sk\/certifikaty\/#breadcrumb"},"inLanguage":"en-US","potentialAction":[{"@type":"ReadAction","target":["https:\/\/cbmont.advertplus.sk\/certifikaty\/"]}]},{"@type":"BreadcrumbList","@id":"https:\/\/cbmont.advertplus.sk\/certifikaty\/#breadcrumb","itemListElement":[{"@type":"ListItem","position":1,"name":"Domovsk\u00e1 str\u00e1nka","item":"https:\/\/cbmont.advertplus.sk\/"},{"@type":"ListItem","position":2,"name":"Certifik\u00e1ty"}]},{"@type":"WebSite","@id":"https:\/\/cbmont.advertplus.sk\/#website","url":"https:\/\/cbmont.advertplus.sk\/","name":"Cb - mont, s.r.o.","description":"","potentialAction":[{"@type":"SearchAction","target":{"@type":"EntryPoint","urlTemplate":"https:\/\/cbmont.advertplus.sk\/?s={search_term_string}"},"query-input":"required name=search_term_string"}],"inLanguage":"en-US"}]}},"_links":{"self":[{"href":"https:\/\/cbmont.advertplus.sk\/en\/wp-json\/wp\/v2\/pages\/14"}],"collection":[{"href":"https:\/\/cbmont.advertplus.sk\/en\/wp-json\/wp\/v2\/pages"}],"about":[{"href":"https:\/\/cbmont.advertplus.sk\/en\/wp-json\/wp\/v2\/types\/page"}],"author":[{"embeddable":true,"href":"https:\/\/cbmont.advertplus.sk\/en\/wp-json\/wp\/v2\/users\/3"}],"replies":[{"embeddable":true,"href":"https:\/\/cbmont.advertplus.sk\/en\/wp-json\/wp\/v2\/comments?post=14"}],"version-history":[{"count":33,"href":"https:\/\/cbmont.advertplus.sk\/en\/wp-json\/wp\/v2\/pages\/14\/revisions"}],"predecessor-version":[{"id":1448,"href":"https:\/\/cbmont.advertplus.sk\/en\/wp-json\/wp\/v2\/pages\/14\/revisions\/1448"}],"wp:attachment":[{"href":"https:\/\/cbmont.advertplus.sk\/en\/wp-json\/wp\/v2\/media?parent=14"}],"curies":[{"name":"wp","href":"https:\/\/api.w.org\/{rel}","templated":true}]}}