{"id":150,"date":"2016-01-27T18:15:45","date_gmt":"2016-01-27T16:15:45","guid":{"rendered":"http:\/\/cbomnt.sk?page_id=150"},"modified":"2016-08-22T21:31:50","modified_gmt":"2016-08-22T19:31:50","slug":"preco-si-vybrat-cbmont","status":"publish","type":"page","link":"https:\/\/cbmont.advertplus.sk\/en\/preco-si-vybrat-cbmont\/","title":{"rendered":"Why choose CBmont"},"content":{"rendered":"<p class=\"qtranxs-available-languages-message qtranxs-available-languages-message-en\">Sorry, this entry is only available in <a href=\"https:\/\/cbmont.advertplus.sk\/sk\/wp-json\/wp\/v2\/pages\/150\" class=\"qtranxs-available-language-link qtranxs-available-language-link-sk\" title=\"Slovensky\">Slovensky<\/a>.<\/p>","protected":false},"excerpt":{"rendered":"<p>Sorry, this entry is only available in Slovensky.<\/p>\n","protected":false},"author":3,"featured_media":0,"parent":0,"menu_order":0,"comment_status":"closed","ping_status":"closed","template":"","meta":{"_acf_changed":false,"footnotes":""},"acf":[],"yoast_head":"<!-- This site is optimized with the Yoast SEO plugin v22.5 - https:\/\/yoast.com\/wordpress\/plugins\/seo\/ -->\n<title>Cbmont s.r.o.Why choose CBmont<\/title>\n<meta name=\"robots\" content=\"index, follow, max-snippet:-1, max-image-preview:large, max-video-preview:-1\" \/>\n<link rel=\"canonical\" href=\"https:\/\/cbmont.advertplus.sk\/preco-si-vybrat-cbmont\/\" \/>\n<meta property=\"og:locale\" content=\"en_US\" \/>\n<meta property=\"og:type\" content=\"article\" \/>\n<meta property=\"og:title\" content=\"Cbmont s.r.o.{:sk}Pre\u010do si vybra\u0165 CBmont{:en}Why choose CBmont{:de}Warum w\u00e4hlen Mont CB{:}\" \/>\n<meta property=\"og:description\" content=\"Sorry, this entry is only available in Slovensky.\" \/>\n<meta property=\"og:url\" content=\"https:\/\/cbmont.advertplus.sk\/preco-si-vybrat-cbmont\/\" \/>\n<meta property=\"og:site_name\" content=\"Cb - mont, s.r.o.\" \/>\n<meta property=\"article:modified_time\" content=\"2016-08-22T19:31:50+00:00\" \/>\n<meta name=\"twitter:card\" content=\"summary_large_image\" \/>\n<meta name=\"twitter:label1\" content=\"Est. reading time\" \/>\n\t<meta name=\"twitter:data1\" content=\"1 minute\" \/>\n<script type=\"application\/ld+json\" class=\"yoast-schema-graph\">{\"@context\":\"https:\/\/schema.org\",\"@graph\":[{\"@type\":\"WebPage\",\"@id\":\"https:\/\/cbmont.advertplus.sk\/preco-si-vybrat-cbmont\/\",\"url\":\"https:\/\/cbmont.advertplus.sk\/preco-si-vybrat-cbmont\/\",\"name\":\"Cbmont s.r.o.{:sk}Pre\u010do si vybra\u0165 CBmont{:en}Why choose CBmont{:de}Warum w\u00e4hlen Mont CB{:}\",\"isPartOf\":{\"@id\":\"https:\/\/cbmont.advertplus.sk\/#website\"},\"datePublished\":\"2016-01-27T16:15:45+00:00\",\"dateModified\":\"2016-08-22T19:31:50+00:00\",\"breadcrumb\":{\"@id\":\"https:\/\/cbmont.advertplus.sk\/preco-si-vybrat-cbmont\/#breadcrumb\"},\"inLanguage\":\"en-US\",\"potentialAction\":[{\"@type\":\"ReadAction\",\"target\":[\"https:\/\/cbmont.advertplus.sk\/preco-si-vybrat-cbmont\/\"]}]},{\"@type\":\"BreadcrumbList\",\"@id\":\"https:\/\/cbmont.advertplus.sk\/preco-si-vybrat-cbmont\/#breadcrumb\",\"itemListElement\":[{\"@type\":\"ListItem\",\"position\":1,\"name\":\"Domovsk\u00e1 str\u00e1nka\",\"item\":\"https:\/\/cbmont.advertplus.sk\/\"},{\"@type\":\"ListItem\",\"position\":2,\"name\":\"Pre\u010do si vybra\u0165 CBmont\"}]},{\"@type\":\"WebSite\",\"@id\":\"https:\/\/cbmont.advertplus.sk\/#website\",\"url\":\"https:\/\/cbmont.advertplus.sk\/\",\"name\":\"Cb - mont, s.r.o.\",\"description\":\"\",\"potentialAction\":[{\"@type\":\"SearchAction\",\"target\":{\"@type\":\"EntryPoint\",\"urlTemplate\":\"https:\/\/cbmont.advertplus.sk\/?s={search_term_string}\"},\"query-input\":\"required name=search_term_string\"}],\"inLanguage\":\"en-US\"}]}<\/script>\n<!-- \/ Yoast SEO plugin. -->","yoast_head_json":{"title":"Cbmont s.r.o.Why choose CBmont","robots":{"index":"index","follow":"follow","max-snippet":"max-snippet:-1","max-image-preview":"max-image-preview:large","max-video-preview":"max-video-preview:-1"},"canonical":"https:\/\/cbmont.advertplus.sk\/preco-si-vybrat-cbmont\/","og_locale":"en_US","og_type":"article","og_title":"Cbmont s.r.o.{:sk}Pre\u010do si vybra\u0165 CBmont{:en}Why choose CBmont{:de}Warum w\u00e4hlen Mont CB{:}","og_description":"Sorry, this entry is only available in Slovensky.","og_url":"https:\/\/cbmont.advertplus.sk\/preco-si-vybrat-cbmont\/","og_site_name":"Cb - mont, s.r.o.","article_modified_time":"2016-08-22T19:31:50+00:00","twitter_card":"summary_large_image","twitter_misc":{"Est. reading time":"1 minute"},"schema":{"@context":"https:\/\/schema.org","@graph":[{"@type":"WebPage","@id":"https:\/\/cbmont.advertplus.sk\/preco-si-vybrat-cbmont\/","url":"https:\/\/cbmont.advertplus.sk\/preco-si-vybrat-cbmont\/","name":"Cbmont s.r.o.{:sk}Pre\u010do si vybra\u0165 CBmont{:en}Why choose CBmont{:de}Warum w\u00e4hlen Mont CB{:}","isPartOf":{"@id":"https:\/\/cbmont.advertplus.sk\/#website"},"datePublished":"2016-01-27T16:15:45+00:00","dateModified":"2016-08-22T19:31:50+00:00","breadcrumb":{"@id":"https:\/\/cbmont.advertplus.sk\/preco-si-vybrat-cbmont\/#breadcrumb"},"inLanguage":"en-US","potentialAction":[{"@type":"ReadAction","target":["https:\/\/cbmont.advertplus.sk\/preco-si-vybrat-cbmont\/"]}]},{"@type":"BreadcrumbList","@id":"https:\/\/cbmont.advertplus.sk\/preco-si-vybrat-cbmont\/#breadcrumb","itemListElement":[{"@type":"ListItem","position":1,"name":"Domovsk\u00e1 str\u00e1nka","item":"https:\/\/cbmont.advertplus.sk\/"},{"@type":"ListItem","position":2,"name":"Pre\u010do si vybra\u0165 CBmont"}]},{"@type":"WebSite","@id":"https:\/\/cbmont.advertplus.sk\/#website","url":"https:\/\/cbmont.advertplus.sk\/","name":"Cb - mont, s.r.o.","description":"","potentialAction":[{"@type":"SearchAction","target":{"@type":"EntryPoint","urlTemplate":"https:\/\/cbmont.advertplus.sk\/?s={search_term_string}"},"query-input":"required name=search_term_string"}],"inLanguage":"en-US"}]}},"_links":{"self":[{"href":"https:\/\/cbmont.advertplus.sk\/en\/wp-json\/wp\/v2\/pages\/150"}],"collection":[{"href":"https:\/\/cbmont.advertplus.sk\/en\/wp-json\/wp\/v2\/pages"}],"about":[{"href":"https:\/\/cbmont.advertplus.sk\/en\/wp-json\/wp\/v2\/types\/page"}],"author":[{"embeddable":true,"href":"https:\/\/cbmont.advertplus.sk\/en\/wp-json\/wp\/v2\/users\/3"}],"replies":[{"embeddable":true,"href":"https:\/\/cbmont.advertplus.sk\/en\/wp-json\/wp\/v2\/comments?post=150"}],"version-history":[{"count":13,"href":"https:\/\/cbmont.advertplus.sk\/en\/wp-json\/wp\/v2\/pages\/150\/revisions"}],"predecessor-version":[{"id":975,"href":"https:\/\/cbmont.advertplus.sk\/en\/wp-json\/wp\/v2\/pages\/150\/revisions\/975"}],"wp:attachment":[{"href":"https:\/\/cbmont.advertplus.sk\/en\/wp-json\/wp\/v2\/media?parent=150"}],"curies":[{"name":"wp","href":"https:\/\/api.w.org\/{rel}","templated":true}]}}