{"id":261,"date":"2016-01-29T20:08:48","date_gmt":"2016-01-29T18:08:48","guid":{"rendered":"http:\/\/cbomnt.sk?page_id=261"},"modified":"2016-05-02T13:11:09","modified_gmt":"2016-05-02T11:11:09","slug":"presklenne-fasady-plne-steny-a-plaste-o-produktoch","status":"publish","type":"page","link":"https:\/\/cbmont.advertplus.sk\/en\/presklenne-fasady-plne-steny-a-plaste-o-produktoch\/","title":{"rendered":"Glass, solid walls and envelopes &#8211; about products"},"content":{"rendered":"<p class=\"qtranxs-available-languages-message qtranxs-available-languages-message-en\">Sorry, this entry is only available in <a href=\"https:\/\/cbmont.advertplus.sk\/sk\/wp-json\/wp\/v2\/pages\/261\" class=\"qtranxs-available-language-link qtranxs-available-language-link-sk\" title=\"Slovensky\">Slovensky<\/a>.<\/p>","protected":false},"excerpt":{"rendered":"Sorry, this entry is only available in Slovensky.","protected":false},"author":3,"featured_media":0,"parent":0,"menu_order":0,"comment_status":"closed","ping_status":"closed","template":"","meta":{"_acf_changed":false,"footnotes":""},"acf":[],"yoast_head":"<!-- This site is optimized with the Yoast SEO plugin v22.5 - https:\/\/yoast.com\/wordpress\/plugins\/seo\/ -->\n<title>Cbmont s.r.o.Presklen\u00e9 fas\u00e1dy, pln\u00e9 steny a pl\u00e1\u0161te - o produktoch<\/title>\n<meta name=\"robots\" content=\"index, follow, max-snippet:-1, max-image-preview:large, max-video-preview:-1\" \/>\n<link rel=\"canonical\" href=\"https:\/\/cbmont.advertplus.sk\/presklenne-fasady-plne-steny-a-plaste-o-produktoch\/\" \/>\n<meta property=\"og:locale\" content=\"en_US\" \/>\n<meta property=\"og:type\" content=\"article\" \/>\n<meta property=\"og:title\" content=\"Cbmont s.r.o.Presklen\u00e9 fas\u00e1dy, pln\u00e9 steny a pl\u00e1\u0161te - o produktoch\" \/>\n<meta property=\"og:url\" content=\"https:\/\/cbmont.advertplus.sk\/presklenne-fasady-plne-steny-a-plaste-o-produktoch\/\" \/>\n<meta property=\"og:site_name\" content=\"Cb - mont, s.r.o.\" \/>\n<meta property=\"article:modified_time\" content=\"2016-05-02T11:11:09+00:00\" \/>\n<meta name=\"twitter:card\" content=\"summary_large_image\" \/>\n<script type=\"application\/ld+json\" class=\"yoast-schema-graph\">{\"@context\":\"https:\/\/schema.org\",\"@graph\":[{\"@type\":\"WebPage\",\"@id\":\"https:\/\/cbmont.advertplus.sk\/presklenne-fasady-plne-steny-a-plaste-o-produktoch\/\",\"url\":\"https:\/\/cbmont.advertplus.sk\/presklenne-fasady-plne-steny-a-plaste-o-produktoch\/\",\"name\":\"Cbmont s.r.o.Presklen\u00e9 fas\u00e1dy, pln\u00e9 steny a pl\u00e1\u0161te - o produktoch\",\"isPartOf\":{\"@id\":\"https:\/\/cbmont.advertplus.sk\/#website\"},\"datePublished\":\"2016-01-29T18:08:48+00:00\",\"dateModified\":\"2016-05-02T11:11:09+00:00\",\"breadcrumb\":{\"@id\":\"https:\/\/cbmont.advertplus.sk\/presklenne-fasady-plne-steny-a-plaste-o-produktoch\/#breadcrumb\"},\"inLanguage\":\"en-US\",\"potentialAction\":[{\"@type\":\"ReadAction\",\"target\":[\"https:\/\/cbmont.advertplus.sk\/presklenne-fasady-plne-steny-a-plaste-o-produktoch\/\"]}]},{\"@type\":\"BreadcrumbList\",\"@id\":\"https:\/\/cbmont.advertplus.sk\/presklenne-fasady-plne-steny-a-plaste-o-produktoch\/#breadcrumb\",\"itemListElement\":[{\"@type\":\"ListItem\",\"position\":1,\"name\":\"Domovsk\u00e1 str\u00e1nka\",\"item\":\"https:\/\/cbmont.advertplus.sk\/\"},{\"@type\":\"ListItem\",\"position\":2,\"name\":\"Presklen\u00e9 fas\u00e1dy, pln\u00e9 steny a pl\u00e1\u0161te &#8211; o produktoch\"}]},{\"@type\":\"WebSite\",\"@id\":\"https:\/\/cbmont.advertplus.sk\/#website\",\"url\":\"https:\/\/cbmont.advertplus.sk\/\",\"name\":\"Cb - mont, s.r.o.\",\"description\":\"\",\"potentialAction\":[{\"@type\":\"SearchAction\",\"target\":{\"@type\":\"EntryPoint\",\"urlTemplate\":\"https:\/\/cbmont.advertplus.sk\/?s={search_term_string}\"},\"query-input\":\"required name=search_term_string\"}],\"inLanguage\":\"en-US\"}]}<\/script>\n<!-- \/ Yoast SEO plugin. -->","yoast_head_json":{"title":"Cbmont s.r.o.Presklen\u00e9 fas\u00e1dy, pln\u00e9 steny a pl\u00e1\u0161te - o produktoch","robots":{"index":"index","follow":"follow","max-snippet":"max-snippet:-1","max-image-preview":"max-image-preview:large","max-video-preview":"max-video-preview:-1"},"canonical":"https:\/\/cbmont.advertplus.sk\/presklenne-fasady-plne-steny-a-plaste-o-produktoch\/","og_locale":"en_US","og_type":"article","og_title":"Cbmont s.r.o.Presklen\u00e9 fas\u00e1dy, pln\u00e9 steny a pl\u00e1\u0161te - o produktoch","og_url":"https:\/\/cbmont.advertplus.sk\/presklenne-fasady-plne-steny-a-plaste-o-produktoch\/","og_site_name":"Cb - mont, s.r.o.","article_modified_time":"2016-05-02T11:11:09+00:00","twitter_card":"summary_large_image","schema":{"@context":"https:\/\/schema.org","@graph":[{"@type":"WebPage","@id":"https:\/\/cbmont.advertplus.sk\/presklenne-fasady-plne-steny-a-plaste-o-produktoch\/","url":"https:\/\/cbmont.advertplus.sk\/presklenne-fasady-plne-steny-a-plaste-o-produktoch\/","name":"Cbmont s.r.o.Presklen\u00e9 fas\u00e1dy, pln\u00e9 steny a pl\u00e1\u0161te - o produktoch","isPartOf":{"@id":"https:\/\/cbmont.advertplus.sk\/#website"},"datePublished":"2016-01-29T18:08:48+00:00","dateModified":"2016-05-02T11:11:09+00:00","breadcrumb":{"@id":"https:\/\/cbmont.advertplus.sk\/presklenne-fasady-plne-steny-a-plaste-o-produktoch\/#breadcrumb"},"inLanguage":"en-US","potentialAction":[{"@type":"ReadAction","target":["https:\/\/cbmont.advertplus.sk\/presklenne-fasady-plne-steny-a-plaste-o-produktoch\/"]}]},{"@type":"BreadcrumbList","@id":"https:\/\/cbmont.advertplus.sk\/presklenne-fasady-plne-steny-a-plaste-o-produktoch\/#breadcrumb","itemListElement":[{"@type":"ListItem","position":1,"name":"Domovsk\u00e1 str\u00e1nka","item":"https:\/\/cbmont.advertplus.sk\/"},{"@type":"ListItem","position":2,"name":"Presklen\u00e9 fas\u00e1dy, pln\u00e9 steny a pl\u00e1\u0161te &#8211; o produktoch"}]},{"@type":"WebSite","@id":"https:\/\/cbmont.advertplus.sk\/#website","url":"https:\/\/cbmont.advertplus.sk\/","name":"Cb - mont, s.r.o.","description":"","potentialAction":[{"@type":"SearchAction","target":{"@type":"EntryPoint","urlTemplate":"https:\/\/cbmont.advertplus.sk\/?s={search_term_string}"},"query-input":"required name=search_term_string"}],"inLanguage":"en-US"}]}},"_links":{"self":[{"href":"https:\/\/cbmont.advertplus.sk\/en\/wp-json\/wp\/v2\/pages\/261"}],"collection":[{"href":"https:\/\/cbmont.advertplus.sk\/en\/wp-json\/wp\/v2\/pages"}],"about":[{"href":"https:\/\/cbmont.advertplus.sk\/en\/wp-json\/wp\/v2\/types\/page"}],"author":[{"embeddable":true,"href":"https:\/\/cbmont.advertplus.sk\/en\/wp-json\/wp\/v2\/users\/3"}],"replies":[{"embeddable":true,"href":"https:\/\/cbmont.advertplus.sk\/en\/wp-json\/wp\/v2\/comments?post=261"}],"version-history":[{"count":4,"href":"https:\/\/cbmont.advertplus.sk\/en\/wp-json\/wp\/v2\/pages\/261\/revisions"}],"predecessor-version":[{"id":960,"href":"https:\/\/cbmont.advertplus.sk\/en\/wp-json\/wp\/v2\/pages\/261\/revisions\/960"}],"wp:attachment":[{"href":"https:\/\/cbmont.advertplus.sk\/en\/wp-json\/wp\/v2\/media?parent=261"}],"curies":[{"name":"wp","href":"https:\/\/api.w.org\/{rel}","templated":true}]}}