{"id":744,"date":"2016-03-17T22:14:41","date_gmt":"2016-03-17T20:14:41","guid":{"rendered":"https:\/\/cbmont.advertplus.sk\/?page_id=744"},"modified":"2019-09-30T14:30:21","modified_gmt":"2019-09-30T12:30:21","slug":"ponuka-prace","status":"publish","type":"page","link":"https:\/\/cbmont.advertplus.sk\/en\/o-nas\/ponuka-prace\/","title":{"rendered":"Job offer"},"content":{"rendered":"<p class=\"qtranxs-available-languages-message qtranxs-available-languages-message-en\">Sorry, this entry is only available in <a href=\"https:\/\/cbmont.advertplus.sk\/sk\/wp-json\/wp\/v2\/pages\/744\" class=\"qtranxs-available-language-link qtranxs-available-language-link-sk\" title=\"Slovensky\">Slovensky<\/a>.<\/p>","protected":false},"excerpt":{"rendered":"<p>Sorry, this entry is only available in Slovensky.<\/p>\n","protected":false},"author":2,"featured_media":0,"parent":10,"menu_order":2,"comment_status":"closed","ping_status":"closed","template":"","meta":{"_acf_changed":false,"footnotes":""},"acf":[],"yoast_head":"<!-- This site is optimized with the Yoast SEO plugin v22.5 - https:\/\/yoast.com\/wordpress\/plugins\/seo\/ -->\n<title>Cbmont s.r.o.Ponuka pr\u00e1ce<\/title>\n<meta name=\"description\" content=\"Ponuka pr\u00e1ce v na\u0161ej spolo\u010dnosti.\" \/>\n<meta name=\"robots\" content=\"index, follow, max-snippet:-1, max-image-preview:large, max-video-preview:-1\" \/>\n<link rel=\"canonical\" href=\"https:\/\/cbmont.advertplus.sk\/o-nas\/ponuka-prace\/\" \/>\n<meta property=\"og:locale\" content=\"en_US\" \/>\n<meta property=\"og:type\" content=\"article\" \/>\n<meta property=\"og:title\" content=\"Cbmont s.r.o.Ponuka pr\u00e1ce\" \/>\n<meta property=\"og:description\" content=\"Ponuka pr\u00e1ce v na\u0161ej spolo\u010dnosti.\" \/>\n<meta property=\"og:url\" content=\"https:\/\/cbmont.advertplus.sk\/o-nas\/ponuka-prace\/\" \/>\n<meta property=\"og:site_name\" content=\"Cb - mont, s.r.o.\" \/>\n<meta property=\"article:modified_time\" content=\"2019-09-30T12:30:21+00:00\" \/>\n<meta name=\"twitter:card\" content=\"summary_large_image\" \/>\n<script type=\"application\/ld+json\" class=\"yoast-schema-graph\">{\"@context\":\"https:\/\/schema.org\",\"@graph\":[{\"@type\":\"WebPage\",\"@id\":\"https:\/\/cbmont.advertplus.sk\/o-nas\/ponuka-prace\/\",\"url\":\"https:\/\/cbmont.advertplus.sk\/o-nas\/ponuka-prace\/\",\"name\":\"Cbmont s.r.o.Ponuka pr\u00e1ce\",\"isPartOf\":{\"@id\":\"https:\/\/cbmont.advertplus.sk\/#website\"},\"datePublished\":\"2016-03-17T20:14:41+00:00\",\"dateModified\":\"2019-09-30T12:30:21+00:00\",\"description\":\"Ponuka pr\u00e1ce v na\u0161ej spolo\u010dnosti.\",\"breadcrumb\":{\"@id\":\"https:\/\/cbmont.advertplus.sk\/o-nas\/ponuka-prace\/#breadcrumb\"},\"inLanguage\":\"en-US\",\"potentialAction\":[{\"@type\":\"ReadAction\",\"target\":[\"https:\/\/cbmont.advertplus.sk\/o-nas\/ponuka-prace\/\"]}]},{\"@type\":\"BreadcrumbList\",\"@id\":\"https:\/\/cbmont.advertplus.sk\/o-nas\/ponuka-prace\/#breadcrumb\",\"itemListElement\":[{\"@type\":\"ListItem\",\"position\":1,\"name\":\"Domovsk\u00e1 str\u00e1nka\",\"item\":\"https:\/\/cbmont.advertplus.sk\/\"},{\"@type\":\"ListItem\",\"position\":2,\"name\":\"O n\u00e1s\",\"item\":\"https:\/\/cbmont.advertplus.sk\/o-nas\/\"},{\"@type\":\"ListItem\",\"position\":3,\"name\":\"Ponuka pr\u00e1ce\"}]},{\"@type\":\"WebSite\",\"@id\":\"https:\/\/cbmont.advertplus.sk\/#website\",\"url\":\"https:\/\/cbmont.advertplus.sk\/\",\"name\":\"Cb - mont, s.r.o.\",\"description\":\"\",\"potentialAction\":[{\"@type\":\"SearchAction\",\"target\":{\"@type\":\"EntryPoint\",\"urlTemplate\":\"https:\/\/cbmont.advertplus.sk\/?s={search_term_string}\"},\"query-input\":\"required name=search_term_string\"}],\"inLanguage\":\"en-US\"}]}<\/script>\n<!-- \/ Yoast SEO plugin. -->","yoast_head_json":{"title":"Cbmont s.r.o.Ponuka pr\u00e1ce","description":"Ponuka pr\u00e1ce v na\u0161ej spolo\u010dnosti.","robots":{"index":"index","follow":"follow","max-snippet":"max-snippet:-1","max-image-preview":"max-image-preview:large","max-video-preview":"max-video-preview:-1"},"canonical":"https:\/\/cbmont.advertplus.sk\/o-nas\/ponuka-prace\/","og_locale":"en_US","og_type":"article","og_title":"Cbmont s.r.o.Ponuka pr\u00e1ce","og_description":"Ponuka pr\u00e1ce v na\u0161ej spolo\u010dnosti.","og_url":"https:\/\/cbmont.advertplus.sk\/o-nas\/ponuka-prace\/","og_site_name":"Cb - mont, s.r.o.","article_modified_time":"2019-09-30T12:30:21+00:00","twitter_card":"summary_large_image","schema":{"@context":"https:\/\/schema.org","@graph":[{"@type":"WebPage","@id":"https:\/\/cbmont.advertplus.sk\/o-nas\/ponuka-prace\/","url":"https:\/\/cbmont.advertplus.sk\/o-nas\/ponuka-prace\/","name":"Cbmont s.r.o.Ponuka pr\u00e1ce","isPartOf":{"@id":"https:\/\/cbmont.advertplus.sk\/#website"},"datePublished":"2016-03-17T20:14:41+00:00","dateModified":"2019-09-30T12:30:21+00:00","description":"Ponuka pr\u00e1ce v na\u0161ej spolo\u010dnosti.","breadcrumb":{"@id":"https:\/\/cbmont.advertplus.sk\/o-nas\/ponuka-prace\/#breadcrumb"},"inLanguage":"en-US","potentialAction":[{"@type":"ReadAction","target":["https:\/\/cbmont.advertplus.sk\/o-nas\/ponuka-prace\/"]}]},{"@type":"BreadcrumbList","@id":"https:\/\/cbmont.advertplus.sk\/o-nas\/ponuka-prace\/#breadcrumb","itemListElement":[{"@type":"ListItem","position":1,"name":"Domovsk\u00e1 str\u00e1nka","item":"https:\/\/cbmont.advertplus.sk\/"},{"@type":"ListItem","position":2,"name":"O n\u00e1s","item":"https:\/\/cbmont.advertplus.sk\/o-nas\/"},{"@type":"ListItem","position":3,"name":"Ponuka pr\u00e1ce"}]},{"@type":"WebSite","@id":"https:\/\/cbmont.advertplus.sk\/#website","url":"https:\/\/cbmont.advertplus.sk\/","name":"Cb - mont, s.r.o.","description":"","potentialAction":[{"@type":"SearchAction","target":{"@type":"EntryPoint","urlTemplate":"https:\/\/cbmont.advertplus.sk\/?s={search_term_string}"},"query-input":"required name=search_term_string"}],"inLanguage":"en-US"}]}},"_links":{"self":[{"href":"https:\/\/cbmont.advertplus.sk\/en\/wp-json\/wp\/v2\/pages\/744"}],"collection":[{"href":"https:\/\/cbmont.advertplus.sk\/en\/wp-json\/wp\/v2\/pages"}],"about":[{"href":"https:\/\/cbmont.advertplus.sk\/en\/wp-json\/wp\/v2\/types\/page"}],"author":[{"embeddable":true,"href":"https:\/\/cbmont.advertplus.sk\/en\/wp-json\/wp\/v2\/users\/2"}],"replies":[{"embeddable":true,"href":"https:\/\/cbmont.advertplus.sk\/en\/wp-json\/wp\/v2\/comments?post=744"}],"version-history":[{"count":20,"href":"https:\/\/cbmont.advertplus.sk\/en\/wp-json\/wp\/v2\/pages\/744\/revisions"}],"predecessor-version":[{"id":1438,"href":"https:\/\/cbmont.advertplus.sk\/en\/wp-json\/wp\/v2\/pages\/744\/revisions\/1438"}],"up":[{"embeddable":true,"href":"https:\/\/cbmont.advertplus.sk\/en\/wp-json\/wp\/v2\/pages\/10"}],"wp:attachment":[{"href":"https:\/\/cbmont.advertplus.sk\/en\/wp-json\/wp\/v2\/media?parent=744"}],"curies":[{"name":"wp","href":"https:\/\/api.w.org\/{rel}","templated":true}]}}